{"id":153,"date":"2016-12-03T14:53:38","date_gmt":"2016-12-03T13:53:38","guid":{"rendered":"https:\/\/olitens.wordpress.com\/?page_id=153"},"modified":"2016-12-24T09:17:38","modified_gmt":"2016-12-24T09:17:38","slug":"la-nostra-storia","status":"publish","type":"page","link":"https:\/\/olitens.it\/?page_id=153","title":{"rendered":"La nostra storia"},"content":{"rendered":"<div class=\"vc_col-sm-6 wpb_column vc_column_container\">\n<div class=\"wpb_wrapper\">\n<div class=\"wpb_text_column wpb_content_element \">\n<div class=\"wpb_wrapper\">\n<p class=\"p1\"><span class=\"s1\">Olimpia Tensioattivi \u00e8 una societ\u00e0 italiana, fondata nel 1973.<\/span><\/p>\n<p class=\"p1\"><span class=\"s1\">Il nostro headquarter si trova alle porte di Milano dove sono presenti gli impianti produttivi, la sede amministrativa, gli uffici commerciali e i nostri laboratori qualit\u00e0 e R&amp;D.<\/span><\/p>\n<p class=\"p1\"><span class=\"s1\">Le nostre principali competenze, sviluppate in oltre 40 anni di attivit\u00e0, sono legate al settore degli ausiliari chimici e tensioattivi per i piu diversi settori industriali. <\/span><\/p>\n<p class=\"p1\"><span class=\"s1\">Sin dagli anni 80 abbiamo sviluppato linee di chemicals specifici per la detergenza professionale per la<\/span><span class=\"s1\">\u00a0ristorazione, per le industrie alimentari quali macelli e pastifici, \u00a0per l&#8217;automotive e il trattamento industriale dei metalli.<\/span><\/p>\n<p class=\"p1\">In tali settori siamo attivi sia con le nostre linee commerciali, che con le nostre\u00a0<span class=\"s1\">soluzioni sviluppate specificamente per le esigenze dei clienti, nel rispetto dei pi\u00f9 recenti aggiornamenti tecnici e normativi.<\/span><\/p>\n<p class=\"p1\">Negli anni 90 la nostra societ\u00e0 ha creato una specifica unit\u00e0 di business dedicata al settore del cuoio rigenerato. Tramite la fornitura dei chemicals e il costante supporto dei propri tecnici oltre che con le collaborazioni instaurate con i maggiori produttori di impianti, Olimpia Tensioattivi \u00e8 in grado fornire soluzioni specifiche per gli impianti di\u00a0produzione di cuoio rigenerato in gran parte delle industrie di produzione in tutto il mondo.<\/p>\n<p class=\"p1\">L&#8217;ottimizzazione dei processi in termini di qualit\u00e0 dei materiali prodotti, di incremento della produttivit\u00e0 e massimizzazione del profitto con l&#8217;impiego delle migliori tecnologie sono il target di tutte le nostre attivit\u00e0.<\/p>\n<p class=\"p1\">Attualmente la nostra societ\u00e0 si sta impegnando in un processo di rinnovamento che gli consentir\u00e0 di essere ancor pi\u00f9 competitiva sul mercato e di incrementare la propria capacit\u00e0 logistica e produttiva con una nuova sede dove verranno dislocate alcune delle funzioni aziendali.<\/p>\n<p class=\"p1\">Questo con l\u2019obiettivo del miglioramento continuo che consente di poter rispondere ancora meglio alle esigenze attuali e future del mercato.<\/p>\n<\/div>\n<\/div>\n<\/div>\n<\/div>\n","protected":false},"excerpt":{"rendered":"<div class=\"vc_col-sm-6 wpb_column vc_column_container\">\n<div class=\"wpb_wrapper\">\n<div class=\"wpb_text_column wpb_content_element \">\n<div class=\"wpb_wrapper\">\n<p class=\"p1\"><span class=\"s1\">Olimpia Tensioattivi \u00e8 una societ\u00e0 italiana, fondata nel 1973.<...\n<\/p>\n","protected":false},"author":1,"featured_media":0,"parent":0,"menu_order":0,"comment_status":"closed","ping_status":"closed","template":"","meta":{"footnotes":""},"class_list":["post-153","page","type-page","status-publish","hentry"],"_links":{"self":[{"href":"https:\/\/olitens.it\/index.php?rest_route=\/wp\/v2\/pages\/153","targetHints":{"allow":["GET"]}}],"collection":[{"href":"https:\/\/olitens.it\/index.php?rest_route=\/wp\/v2\/pages"}],"about":[{"href":"https:\/\/olitens.it\/index.php?rest_route=\/wp\/v2\/types\/page"}],"author":[{"embeddable":true,"href":"https:\/\/olitens.it\/index.php?rest_route=\/wp\/v2\/users\/1"}],"replies":[{"embeddable":true,"href":"https:\/\/olitens.it\/index.php?rest_route=%2Fwp%2Fv2%2Fcomments&post=153"}],"version-history":[{"count":4,"href":"https:\/\/olitens.it\/index.php?rest_route=\/wp\/v2\/pages\/153\/revisions"}],"predecessor-version":[{"id":392,"href":"https:\/\/olitens.it\/index.php?rest_route=\/wp\/v2\/pages\/153\/revisions\/392"}],"wp:attachment":[{"href":"https:\/\/olitens.it\/index.php?rest_route=%2Fwp%2Fv2%2Fmedia&parent=153"}],"curies":[{"name":"wp","href":"https:\/\/api.w.org\/{rel}","templated":true}]}}